{"id":2265,"date":"2024-05-26T23:23:44","date_gmt":"2024-05-26T23:23:44","guid":{"rendered":"https:\/\/villas.refugiopiedraparada.com.co\/?page_id=2265"},"modified":"2024-06-11T18:02:55","modified_gmt":"2024-06-11T18:02:55","slug":"temporada-baja","status":"publish","type":"page","link":"https:\/\/villas.refugiopiedraparada.com.co\/index.php\/pages\/accommodations\/temporada-baja\/","title":{"rendered":"Temporada Baja"},"content":{"rendered":"<section class=\"wpb-content-wrapper\"><p>[vc_row][vc_column width=&#8221;1\/2&#8243;][vc_single_image image=&#8221;2089&#8243; img_size=&#8221;large&#8221; parallax_ratio=&#8221;&#8221;][\/vc_column][vc_column width=&#8221;1\/2&#8243;][vc_column_text]El hotel\u00a0<strong>Villas del Refugio Piedra Parada<\/strong>, consta de\u00a0<strong>20 caba\u00f1as<\/strong> de dos niveles, bioclim\u00e1ticas y eco-sostenibles con capacidad de hospedaje hasta para 10 personas, WiFi, Pet Friendly, Cocina integral, Sala de Estar con chimenea.<\/p>\n<p>En el primer nivel encontrar\u00e1s una habitaci\u00f3n y ba\u00f1o para personas con movilidad reducida, en el segundo nivel encontrar\u00e1s habitaciones con ba\u00f1o privado.<\/p>\n<p>Cada caba\u00f1a cuenta con agua caliente, calefacci\u00f3n, televisi\u00f3n satelital, mini bar, oficina y una hermosa vista a las <strong>monta\u00f1as del p\u00e1ramo de Berl\u00edn<\/strong>.<\/p>\n<p>En cada nivel encontrar\u00e1s terrazas exteriores con mobiliario.[\/vc_column_text][\/vc_column][\/vc_row][vc_row][vc_column][vc_empty_space][\/vc_column][\/vc_row][vc_row][vc_column]<div id=\"availability_search-1\" style=\"--bg-color:#ffffff\" class=\"homepage-widget-area container \"><div class=\"mphb_sc_search-wrapper widget_mphb_search_availability_widget\"><form method=\"GET\" class=\"mphb_sc_search-form\" action=\"https:\/\/villas.refugiopiedraparada.com.co\/index.php\/resultados-de-busqueda\/\">\r\n\r\n\t<p class = \"mphb-required-fields-tip\">\n\t<small>\n\t\tLos campos obligatorios son seguidos por\t\t<abbr title=\"required\">*<\/abbr>\n\t<\/small>\n<\/p>\r\n\t<p class=\"mphb_sc_search-check-in-date\">\r\n\t\t<label for=\"mphb_check_in_date-mphb-search-form-69f3bdb3b0358\">\r\n\t\t\tEntrada\t\t\t<abbr title=\"Formatted as dd\/mm\/yyyy\">*<\/abbr>\r\n\t\t<\/label>\r\n\t\t<input\r\n\t\t\tid=\"mphb_check_in_date-mphb-search-form-69f3bdb3b0358\"\r\n\t\t\tdata-datepick-group=\"mphb-search-form-69f3bdb3b0358\"\r\n\t\t\tvalue=\"30\/04\/2026\"\r\n\t\t\tplaceholder=\"Check-in Date\"\r\n\t\t\trequired=\"required\"\r\n\t\t\ttype=\"text\"\r\n\t\t\tname=\"mphb_check_in_date\"\r\n\t\t\tclass=\"mphb-datepick\"\r\n\t\t\tautocomplete=\"off\"\r\n\t\t\t\/>\r\n\t<\/p>\r\n\r\n\t<p class=\"mphb_sc_search-check-out-date\">\r\n\t\t<label for=\"mphb_check_out_date-mphb-search-form-69f3bdb3b0358\">\r\n\t\t\tSalida\t\t\t<abbr title=\"Formatted as dd\/mm\/yyyy\">*<\/abbr>\r\n\t\t<\/label>\r\n\t\t<input\r\n\t\t\tid=\"mphb_check_out_date-mphb-search-form-69f3bdb3b0358\"\r\n\t\t\tdata-datepick-group=\"mphb-search-form-69f3bdb3b0358\"\r\n\t\t\tvalue=\"01\/05\/2026\"\r\n\t\t\tplaceholder=\"Check-out Date\"\r\n\t\t\trequired=\"required\"\r\n\t\t\ttype=\"text\"\r\n\t\t\tname=\"mphb_check_out_date\"\r\n\t\t\tclass=\"mphb-datepick\"\r\n\t\t\tautocomplete=\"off\"\r\n\t\t\t\/>\r\n\t<\/p>\r\n\r\n\t\t\t<p class=\"mphb_sc_search-adults\">\r\n\t\t\t<label for=\"mphb_adults-mphb-search-form-69f3bdb3b0358\">\r\n\t\t\t\tAdultos\t\t\t<\/label>\r\n\t\t\t<span><span>-<\/span><input type=\"number\" id=\"mphb_adults-mphb-search-form-69f3bdb3b0358\" name=\"mphb_adults\" value=\"1\" min=\"1\" max=\"9\"\/><span>+<\/span><\/span>\r\n\t\t<\/p>\r\n\t\r\n\t\t\t<p class=\"mphb_sc_search-children\">\r\n\t\t\t<label for=\"mphb_children-mphb-search-form-69f3bdb3b0358\">\r\n\t\t\t\tChildren Todo ni\u00f1o mayor a 1 a\u00f1o cuenta como persona adicional\t\t\t<\/label>\r\n\t\t\t<span><span>-<\/span><input type=\"number\" id=\"mphb_children-mphb-search-form-69f3bdb3b0358\" name=\"mphb_children\" value=\"0\" min=\"0\" max=\"1\"\/><span>+<\/span><\/span>\r\n\t\t<\/p>\r\n\t\r\n\t\r\n\t\r\n\t<input id=\"mphb_check_in_date-mphb-search-form-69f3bdb3b0358-hidden\" value=\"2026-04-30\" type=\"hidden\" name=\"mphb_check_in_date\" \/><input id=\"mphb_check_out_date-mphb-search-form-69f3bdb3b0358-hidden\" value=\"2026-05-01\" type=\"hidden\" name=\"mphb_check_out_date\" \/>\r\n\t<p class=\"mphb_sc_search-submit-button-wrapper\">\r\n\t\t<input type=\"submit\" class=\"button\" value=\"Buscar Alojamiento\"\/>\r\n\t<\/p>\r\n\r\n\t\r\n<\/form>\r\n<\/div><\/div>[\/vc_column][\/vc_row][vc_row][vc_column][vc_empty_space][\/vc_column][\/vc_row][vc_row][vc_column width=&#8221;1\/2&#8243;][vc_wp_text]<strong>Servicios Incluidos<\/strong><\/p>\n<p><img decoding=\"async\" class=\"alignnone size-full wp-image-2181\" src=\"https:\/\/villas.refugiopiedraparada.com.co\/wp-content\/uploads\/2018\/10\/cama-1.webp\" alt=\"\" width=\"32\" height=\"32\" \/><br \/>\nHospedaje.<\/p>\n<p><strong>Actividades Incluidas<\/strong><\/p>\n<p><img decoding=\"async\" class=\"alignnone size-full wp-image-2183\" src=\"https:\/\/villas.refugiopiedraparada.com.co\/wp-content\/uploads\/2018\/10\/fuego-1.webp\" alt=\"\" width=\"32\" height=\"32\" \/>|\u00a0 <img decoding=\"async\" class=\"alignnone size-full wp-image-2180\" src=\"https:\/\/villas.refugiopiedraparada.com.co\/wp-content\/uploads\/2018\/10\/bicicleta-1.webp\" alt=\"\" width=\"32\" height=\"32\" \/>\u00a0 |\u00a0 <img loading=\"lazy\" decoding=\"async\" class=\"alignnone size-full wp-image-2182\" src=\"https:\/\/villas.refugiopiedraparada.com.co\/wp-content\/uploads\/2018\/10\/excursionismo.webp\" alt=\"\" width=\"32\" height=\"32\" \/>\u00a0 |\u00a0 <img loading=\"lazy\" decoding=\"async\" class=\"alignnone size-full wp-image-2185\" src=\"https:\/\/villas.refugiopiedraparada.com.co\/wp-content\/uploads\/2018\/10\/pescar-1.webp\" alt=\"\" width=\"32\" height=\"32\" \/>\u00a0 |<\/p>\n<p>Fogata, bicicletas, senderismo y pesca.[\/vc_wp_text][\/vc_column][vc_column width=&#8221;1\/2&#8243;][\/vc_column][\/vc_row]<\/p>\n<\/section>","protected":false},"excerpt":{"rendered":"<p>[vc_row][vc_column width=&#8221;1\/2&#8243;][vc_single_image image=&#8221;2089&#8243; img_size=&#8221;large&#8221; parallax_ratio=&#8221;&#8221;][\/vc_column][vc_column width=&#8221;1\/2&#8243;][vc_column_text]El hotel\u00a0Villas del Refugio Piedra Parada, consta de\u00a020 caba\u00f1as de dos niveles, bioclim\u00e1ticas y eco-sostenibles con capacidad de hospedaje hasta para 10 personas, WiFi, Pet [&hellip;]<\/p>\n","protected":false},"author":1,"featured_media":0,"parent":6,"menu_order":0,"comment_status":"open","ping_status":"closed","template":"","meta":{"_acf_changed":false,"_themeisle_gutenberg_block_has_review":false,"footnotes":""},"class_list":["post-2265","page","type-page","status-publish","hentry",null],"acf":[],"jetpack_sharing_enabled":true,"_links":{"self":[{"href":"https:\/\/villas.refugiopiedraparada.com.co\/index.php\/wp-json\/wp\/v2\/pages\/2265"}],"collection":[{"href":"https:\/\/villas.refugiopiedraparada.com.co\/index.php\/wp-json\/wp\/v2\/pages"}],"about":[{"href":"https:\/\/villas.refugiopiedraparada.com.co\/index.php\/wp-json\/wp\/v2\/types\/page"}],"author":[{"embeddable":true,"href":"https:\/\/villas.refugiopiedraparada.com.co\/index.php\/wp-json\/wp\/v2\/users\/1"}],"replies":[{"embeddable":true,"href":"https:\/\/villas.refugiopiedraparada.com.co\/index.php\/wp-json\/wp\/v2\/comments?post=2265"}],"version-history":[{"count":5,"href":"https:\/\/villas.refugiopiedraparada.com.co\/index.php\/wp-json\/wp\/v2\/pages\/2265\/revisions"}],"predecessor-version":[{"id":2360,"href":"https:\/\/villas.refugiopiedraparada.com.co\/index.php\/wp-json\/wp\/v2\/pages\/2265\/revisions\/2360"}],"up":[{"embeddable":true,"href":"https:\/\/villas.refugiopiedraparada.com.co\/index.php\/wp-json\/wp\/v2\/pages\/6"}],"wp:attachment":[{"href":"https:\/\/villas.refugiopiedraparada.com.co\/index.php\/wp-json\/wp\/v2\/media?parent=2265"}],"curies":[{"name":"wp","href":"https:\/\/api.w.org\/{rel}","templated":true}]}}