{"id":1876,"date":"2018-09-03T19:11:29","date_gmt":"2018-09-03T19:11:29","guid":{"rendered":"https:\/\/sunway.freevision.me\/?page_id=15"},"modified":"2025-11-25T00:17:15","modified_gmt":"2025-11-25T00:17:15","slug":"ixdex01","status":"publish","type":"page","link":"https:\/\/villas.refugiopiedraparada.com.co\/","title":{"rendered":"Home"},"content":{"rendered":"<section class=\"wpb-content-wrapper\"><p>[vc_row full_width=&#8221;stretch_row_content_no_spaces&#8221; full_height=&#8221;yes&#8221; hue=&#8221;#ff0000&#8243;][vc_column]<div id=\"top-banner-background-1\" class=\"shortcode-mode\"><div class=\"hero-background-slider\"><div style=\"background:url(https:\/\/villas.refugiopiedraparada.com.co\/wp-content\/uploads\/2024\/05\/DSC02217-scaled.jpg)\" data-title=\"Villas VIP\" data-subtitle=\"Para satisfacer a nuestros hu\u00e9spedes m\u00e1s exclusivos.\" data-link=\"\" data-linktitle=\"\" data-fgcolor=\"#ffffff\"><\/div><\/div><div class=\"hero-background-slider\"><div style=\"background:url(https:\/\/villas.refugiopiedraparada.com.co\/wp-content\/uploads\/2024\/05\/DSC02207-scaled.jpg)\" data-title=\"Villas VIP\" data-subtitle=\"Para satisfacer a nuestros hu\u00e9spedes m\u00e1s exclusivos.\" data-link=\"\" data-linktitle=\"\" data-fgcolor=\"#ffffff\"><\/div><\/div><div class=\"hero-background-slider\"><div style=\"background:url(https:\/\/villas.refugiopiedraparada.com.co\/wp-content\/uploads\/2023\/06\/2.jpg)\" data-title=\"Villas VIP\" data-subtitle=\"Para satisfacer a nuestros hu\u00e9spedes m\u00e1s exclusivos.\" data-link=\"\" data-linktitle=\"\" data-fgcolor=\"#ffffff\"><\/div><\/div><div class=\"reveal-slider-caption\"><\/div><\/div>[\/vc_column][\/vc_row][vc_row][vc_column]\n<div id=\"availability_search-2\" style=\"--bg-color:#ffffff\" class=\"homepage-widget-area container  floating-box bottom\">\n<div class=\"mphb_sc_search-wrapper widget_mphb_search_availability_widget\">\n<form method=\"GET\" class=\"mphb_sc_search-form\" action=\"https:\/\/villas.refugiopiedraparada.com.co\/index.php\/accommodation\/duplex-penthouse-suite\/\">\n<p class=\"mphb-required-fields-tip\">\r\n\t\t\t\t<small>Required fields are followed by<abbr title=\"required\">*<\/abbr><\/small>\r\n\t\t\t<\/p>\n<p class=\"mphb_sc_search-check-in-date\">\r\n\t\t\t\t<label for=\"mphb_check_in_date-mphb-search-form-availability_search-2\">Fecha de ingreso<abbr title=\"Formatted as d\/m\/Y\">*<\/abbr><\/label>\r\n\t\t\t\t<input id=\"mphb_check_in_date-mphb-search-form-availability_search-2\" data-datepick-group=\"mphb-search-form-availability_search-2\" value=\"17\/04\/2026\" placeholder=\"Check-in Date\" required=\"required\" type=\"text\" name=\"mphb_check_in_date\" class=\"mphb-datepick mphb_datepicker\" autocomplete=\"off\">\r\n\t\t\t<\/p>\n<p class=\"mphb_sc_search-check-out-date\">\r\n\t\t\t\t\t<label for=\"mphb_check_out_date-mphb-search-form-availability_search-2\">Fecha de Salida<abbr title=\"Formatted as d\/m\/Y\">*<\/abbr><\/label>\r\n\t\t\t\t\t<input id=\"mphb_check_out_date-mphb-search-form-availability_search-2\" data-datepick-group=\"mphb-search-form-availability_search-2\" value=\"18\/04\/2026\" placeholder=\"Check-out Date\" required=\"required\" type=\"text\" name=\"mphb_check_out_date\" class=\"mphb-datepick mphb_datepicker\" autocomplete=\"off\">\r\n\t\t\t\t<\/p>\n<p class=\"mphb_sc_search-adults\">\r\n\t\t\t\t\t<label for=\"mphb_adults-mphb-search-form-availability_search-2\">Adultos<\/label>\r\n\t\t\t\t\t<span><span>-<\/span><input type=\"number\" id=\"mphb_adults-mphb-search-form-availability_search-2\" name=\"mphb_adults\" value=\"1\" min=\"1\" max=\"30\"><span>+<\/span><\/span>\r\n\t\t\t\t<\/p>\n<p class=\"mphb_sc_search-children\">\r\n\t\t\t\t\t<label for=\"mphb_children-mphb-search-form-availability_search-2\">Ni\u00f1os<\/label>\r\n\t\t\t\t\t<span><span>-<\/span><input type=\"number\" id=\"mphb_children-mphb-search-form-availability_search-2\" name=\"mphb_children\" value=\"0\" min=\"0\" max=\"11\"><span>+<\/span><\/span>\r\n\t\t\t\t<\/p>\n<input id=\"mphb_check_in_date-mphb-search-form-availability_search-2-hidden\" value=\"2026-04-17\" type=\"hidden\" name=\"mphb_check_in_date\"><input id=\"mphb_check_out_date-mphb-search-form-availability_search-2-hidden\" value=\"2026-04-18\" type=\"hidden\" name=\"mphb_check_out_date\">\r\n\t\t\t<p class=\"mphb_sc_search-submit-button-wrapper\"><input type=\"submit\" class=\"button\" value=\"Buscar Alojamiento\"><\/p><\/form>\n<\/div>\n<\/div>\n[\/vc_column][\/vc_row][vc_row content_placement=&#8221;middle&#8221; css=&#8221;.vc_custom_1542961430859{margin-top: 0px !important;margin-bottom: 0px !important;padding-top: 90px !important;padding-bottom: 60px !important;}&#8221;][vc_column width=&#8221;1\/2&#8243; zero_padding_on_mobile=&#8221;on&#8221; zero_margin_on_mobile=&#8221;on&#8221;][vc_column_text css=&#8221;.vc_custom_1677120017576{margin-bottom: 15px !important;}&#8221;]<\/p>\n<h2 style=\"text-align: left;\">VILLAS DE REFUGIO PIEDRA PARADA<\/h2>\n<p>[\/vc_column_text][vc_column_text]El hotel <strong>Villas del Refugio Piedra Parada<\/strong>, consta de <strong>20 caba\u00f1as<\/strong> de dos niveles, bioclim\u00e1ticas y eco-sostenibles con capacidad de hospedaje hasta para 10 personas, WiFi, Pet Friendly, Cocina integral, Sala de Estar con chimenea. En el primer nivel encontrar\u00e1s una habitaci\u00f3n y ba\u00f1o para personas con movilidad reducida, en el segundo nivel encontrar\u00e1s habitaciones con ba\u00f1o privado. Cada caba\u00f1a cuenta con agua caliente, calefacci\u00f3n, televisi\u00f3n satelital, mini bar, oficina y una hermosa vista a las <strong>monta\u00f1as del p\u00e1ramo de Berl\u00edn<\/strong>. En cada nivel encontrar\u00e1s terrazas exteriores con mobiliario.[\/vc_column_text][\/vc_column][vc_column width=&#8221;1\/2&#8243;][vc_single_image image=&#8221;2089&#8243; img_size=&#8221;full&#8221; alignment=&#8221;right&#8221; parallax_ratio=&#8221;1.0&#8243;][\/vc_column][\/vc_row][vc_row content_placement=&#8221;middle&#8221; el_id=&#8221;temporadas&#8221; css=&#8221;.vc_custom_1715639502019{margin-top: 0px !important;margin-bottom: 0px !important;padding-top: 39px !important;padding-bottom: 0px !important;}&#8221;][vc_column zero_padding_on_mobile=&#8221;on&#8221; zero_margin_on_mobile=&#8221;on&#8221;]<div class=\"ozy-overlap_caption custom-font-on \"><h2 style=\"color:#1e6003;\" >TEMPORADAS<\/h2><h3 style=\"color:#000000;\" >Elige la temporada<\/h3><\/div>[vc_empty_space][\/vc_column][\/vc_row][vc_row content_placement=&#8221;middle&#8221; css=&#8221;.vc_custom_1715639502019{margin-top: 0px !important;margin-bottom: 0px !important;padding-top: 39px !important;padding-bottom: 0px !important;}&#8221;][vc_column width=&#8221;1\/2&#8243; zero_padding_on_mobile=&#8221;on&#8221; zero_margin_on_mobile=&#8221;on&#8221;]<div class=\"ozy-call-to-action-box  wpb_animate_when_almost_visible wpb_flipInX flipInX \" style=\"background-image:url(https:\/\/villas.refugiopiedraparada.com.co\/wp-content\/uploads\/2024\/05\/DSC02264-scaled.jpg);height:400px\"><div class=\"shadow-wrapper\"><\/div><div class=\"overlay-wrapper\"><h2>TEMPORADA BAJA<\/h2><span class=\"shared-border-color\"><\/span><a href=\"https:\/\/villas.refugiopiedraparada.com.co\/index.php\/accommodation\/duplex-penthouse-suite\/\" target=\"_self\">RESERVA AHORA<\/a><\/div><\/div>[vc_message message_box_style=&#8221;outline&#8221; message_box_color=&#8221;green&#8221; icon_fontawesome=&#8221;fas fa-arrow-alt-circle-right&#8221; css_animation=&#8221;flipInX&#8221;]<span style=\"color: #008000;\"><a style=\"color: #008000;\" href=\"https:\/\/villas.refugiopiedraparada.com.co\/index.php\/calendario-temporada-baja\/\">Fechas disponibles para reservar en <b>temporada baja<\/b><\/a><\/span>[\/vc_message][\/vc_column][vc_column width=&#8221;1\/2&#8243;]<div class=\"ozy-call-to-action-box  wpb_animate_when_almost_visible wpb_flipInX flipInX \" style=\"background-image:url(https:\/\/villas.refugiopiedraparada.com.co\/wp-content\/uploads\/2024\/05\/DSC02218-scaled.jpg);height:400px\"><div class=\"shadow-wrapper\"><\/div><div class=\"overlay-wrapper\"><h2>TEMPORADA ALTA<\/h2><span class=\"shared-border-color\"><\/span><a href=\"https:\/\/villas.refugiopiedraparada.com.co\/index.php\/accommodation\/duplex-penthouse-suite\/\" target=\"_self\">RESERVA AHORA<\/a><\/div><\/div>[vc_message message_box_style=&#8221;outline&#8221; message_box_color=&#8221;green&#8221; icon_fontawesome=&#8221;fas fa-arrow-alt-circle-right&#8221; css_animation=&#8221;flipInX&#8221;]<span style=\"color: #008000;\"><a style=\"color: #008000;\" href=\"https:\/\/villas.refugiopiedraparada.com.co\/index.php\/calendario-temporada-alta\/\">Fechas disponibles para reservar en <b>temporada alta<\/b><\/a><\/span>[\/vc_message][\/vc_column][\/vc_row][vc_row content_placement=&#8221;middle&#8221; css=&#8221;.vc_custom_1715639502019{margin-top: 0px !important;margin-bottom: 0px !important;padding-top: 39px !important;padding-bottom: 0px !important;}&#8221;][vc_column zero_padding_on_mobile=&#8221;on&#8221; zero_margin_on_mobile=&#8221;on&#8221;]<div class=\"ozy-overlap_caption custom-font-on \"><h2 style=\"color:#1e6003;\" >ACTIVIDADES<\/h2><h3 style=\"color:#000000;\" >Servicios y Actividades<\/h3><\/div>[vc_empty_space][vc_column_text]<\/p>\n<p style=\"text-align: center;\"><span style=\"font-size: 14pt;\">Actividades que puedes realizar en nuestras instalaciones.<\/span><\/p>\n<p>[\/vc_column_text][\/vc_column][\/vc_row][vc_row][vc_column][vc_media_grid element_width=&#8221;2&#8243; gap=&#8221;0&#8243; item=&#8221;mediaGrid_BorderedScaleWithTitle&#8221; initial_loading_animation=&#8221;none&#8221; grid_id=&#8221;vc_gid:1764029655097-e620f751-05a6-1&#8243; include=&#8221;2117,2118,2119,2122,2115,2389&#8243;][\/vc_column][\/vc_row][vc_row content_placement=&#8221;middle&#8221; css=&#8221;.vc_custom_1715639502019{margin-top: 0px !important;margin-bottom: 0px !important;padding-top: 39px !important;padding-bottom: 0px !important;}&#8221;][vc_column zero_padding_on_mobile=&#8221;on&#8221; zero_margin_on_mobile=&#8221;on&#8221;]<div class=\"ozy-overlap_caption custom-font-on \"><h2 style=\"color:#1e6003;\" >ALOJAMIENTO<\/h2><h3 style=\"color:#000000;\" >Alojamiento<\/h3><\/div>[vc_empty_space][vc_column_text]<\/p>\n<p style=\"text-align: center;\"><span style=\"font-size: 14pt;\">Tambi\u00e9n contamos con diferentes tipos de alojamientos que puedes encontrar en <strong>Refugio Piedra Parada<\/strong><\/span><\/p>\n<p>[\/vc_column_text][\/vc_column][\/vc_row][vc_row full_width=&#8221;stretch_row_content_no_spaces&#8221; content_placement=&#8221;middle&#8221; css=&#8221;.vc_custom_1733095833888{margin-top: 0px !important;margin-bottom: 0px !important;padding-top: 39px !important;padding-bottom: 0px !important;}&#8221;][vc_column width=&#8221;1\/3&#8243; zero_padding_on_mobile=&#8221;on&#8221; zero_margin_on_mobile=&#8221;on&#8221;]<figure id=\"osrvbx2-3\" class=\"ozy-service_box2 \">\n<img decoding=\"async\" src=\"https:\/\/villas.refugiopiedraparada.com.co\/wp-content\/uploads\/2024\/12\/Pod-1.jpg\" alt=\"\"\/><figcaption><div><h2 class=\"dont-force\"><a href=\"http:\/\/refugiopiedraparada.com.co\/accommodation\/pod-tipo-1\/\">POD TIPO 1<\/a><\/h2><\/div><\/figcaption><\/figure>\n[\/vc_column][vc_column width=&#8221;1\/3&#8243;]<figure id=\"osrvbx2-4\" class=\"ozy-service_box2 \">\n<img decoding=\"async\" src=\"https:\/\/villas.refugiopiedraparada.com.co\/wp-content\/uploads\/2024\/12\/Pod-2.jpg\" alt=\"\"\/><figcaption><div><h2 class=\"dont-force\"><a href=\"https:\/\/refugiopiedraparada.com.co\/accommodation\/pod-tipo-2\/\">POD TIPO 2<\/a><\/h2><\/div><\/figcaption><\/figure>\n[\/vc_column][vc_column width=&#8221;1\/3&#8243;]<figure id=\"osrvbx2-5\" class=\"ozy-service_box2 \">\n<img decoding=\"async\" src=\"https:\/\/villas.refugiopiedraparada.com.co\/wp-content\/uploads\/2024\/12\/Pod-3-1.jpg\" alt=\"\"\/><figcaption><div><h2 class=\"dont-force\"><a href=\"https:\/\/refugiopiedraparada.com.co\/accommodation\/pod-tipo-3\/\">POD TIPO 3<\/a><\/h2><\/div><\/figcaption><\/figure>\n[\/vc_column][\/vc_row][vc_row content_placement=&#8221;middle&#8221; css=&#8221;.vc_custom_1715639502019{margin-top: 0px !important;margin-bottom: 0px !important;padding-top: 39px !important;padding-bottom: 0px !important;}&#8221;][vc_column zero_padding_on_mobile=&#8221;on&#8221; zero_margin_on_mobile=&#8221;on&#8221;]<div class=\"ozy-overlap_caption custom-font-on \"><h2 style=\"color:#1e6003;\" >PASADIAS<\/h2><h3 style=\"color:#000000;\" >Pasadias<\/h3><\/div>[vc_empty_space][vc_column_text]<\/p>\n<p style=\"text-align: center;\"><span style=\"font-size: 14pt;\">En esta experiencia puedes realizar muchas actividades durante un d\u00eda en el\u00a0<strong>Refugio Piedra Parada<\/strong><\/span><\/p>\n<p>[\/vc_column_text][\/vc_column][\/vc_row][vc_row content_placement=&#8221;middle&#8221; css=&#8221;.vc_custom_1715639502019{margin-top: 0px !important;margin-bottom: 0px !important;padding-top: 39px !important;padding-bottom: 0px !important;}&#8221;][vc_column width=&#8221;1\/3&#8243; zero_padding_on_mobile=&#8221;on&#8221; zero_margin_on_mobile=&#8221;on&#8221;]<div class=\"ozy-call-to-action-box  wpb_animate_when_almost_visible wpb_flipInX flipInX \" style=\"background-image:url(https:\/\/villas.refugiopiedraparada.com.co\/wp-content\/uploads\/2025\/11\/pasadias-refugio-2025.jpg);height:400px\"><div class=\"shadow-wrapper\"><\/div><div class=\"overlay-wrapper\"><h2><\/h2><span class=\"shared-border-color\"><\/span><a href=\"https:\/\/refugiopiedraparada.com.co\/product\/pasadia\/\" target=\"_blank\">RESERVA AHORA<\/a><\/div><\/div>[vc_message message_box_style=&#8221;outline&#8221; message_box_color=&#8221;green&#8221; icon_fontawesome=&#8221;fas fa-arrow-alt-circle-right&#8221; css_animation=&#8221;flipInX&#8221;]<span style=\"color: #008000;\">Disponible desde las <b><strong>8:00 AM <\/strong><\/b>hasta las <b><strong>5:00 PM <\/strong><\/b>de <b><strong>lunes a domingo.<\/strong><\/b><\/span>[\/vc_message][\/vc_column][vc_column width=&#8221;1\/3&#8243;]<div class=\"ozy-call-to-action-box  wpb_animate_when_almost_visible wpb_flipInX flipInX \" style=\"background-image:url(https:\/\/villas.refugiopiedraparada.com.co\/wp-content\/uploads\/2025\/11\/pasadias-lagunas-2025.jpg);height:400px\"><div class=\"shadow-wrapper\"><\/div><div class=\"overlay-wrapper\"><h2><\/h2><span class=\"shared-border-color\"><\/span><a href=\"https:\/\/refugiopiedraparada.com.co\/product\/pasadia-lagunas\/\" target=\"_blank\">RESERVA AHORA<\/a><\/div><\/div>[vc_message message_box_style=&#8221;outline&#8221; message_box_color=&#8221;green&#8221; icon_fontawesome=&#8221;fas fa-arrow-alt-circle-right&#8221; css_animation=&#8221;flipInX&#8221;]<span style=\"color: #008000;\">Disponible desde las <b><strong>8:00 AM <\/strong><\/b>hasta las <b><strong>5:00 PM <\/strong><\/b>de <b><strong>lunes a domingo.<\/strong><\/b><\/span>[\/vc_message][\/vc_column][vc_column width=&#8221;1\/3&#8243;]<div class=\"ozy-call-to-action-box  wpb_animate_when_almost_visible wpb_flipInX flipInX \" style=\"background-image:url(https:\/\/villas.refugiopiedraparada.com.co\/wp-content\/uploads\/2025\/11\/pasadias-spa-2025.jpg);height:400px\"><div class=\"shadow-wrapper\"><\/div><div class=\"overlay-wrapper\"><h2><\/h2><span class=\"shared-border-color\"><\/span><a href=\"https:\/\/refugiopiedraparada.com.co\/product\/pasadia-spa\/\" target=\"_blank\">RESERVA AHORA<\/a><\/div><\/div>[vc_message message_box_style=&#8221;outline&#8221; message_box_color=&#8221;green&#8221; icon_fontawesome=&#8221;fas fa-arrow-alt-circle-right&#8221; css_animation=&#8221;flipInX&#8221;]<span style=\"color: #008000;\">Disponible desde las <b><strong>8:00 AM <\/strong><\/b>hasta las <b><strong>5:00 PM <\/strong><\/b>de <b><strong>lunes a domingo.<\/strong><\/b><\/span>[\/vc_message][\/vc_column][\/vc_row]<\/p>\n<\/section>","protected":false},"excerpt":{"rendered":"<p>[vc_row full_width=&#8221;stretch_row_content_no_spaces&#8221; full_height=&#8221;yes&#8221; hue=&#8221;#ff0000&#8243;][vc_column][\/vc_column][\/vc_row][vc_row][vc_column][\/vc_column][\/vc_row][vc_row content_placement=&#8221;middle&#8221; css=&#8221;.vc_custom_1542961430859{margin-top: 0px !important;margin-bottom: 0px !important;padding-top: 90px !important;padding-bottom: 60px !important;}&#8221;][vc_column width=&#8221;1\/2&#8243; zero_padding_on_mobile=&#8221;on&#8221; zero_margin_on_mobile=&#8221;on&#8221;][vc_column_text css=&#8221;.vc_custom_1677120017576{margin-bottom: 15px !important;}&#8221;] VILLAS DE REFUGIO PIEDRA PARADA [\/vc_column_text][vc_column_text]El hotel Villas del Refugio [&hellip;]<\/p>\n","protected":false},"author":1,"featured_media":0,"parent":0,"menu_order":0,"comment_status":"closed","ping_status":"closed","template":"","meta":{"_acf_changed":false,"_themeisle_gutenberg_block_has_review":false,"footnotes":""},"class_list":["post-1876","page","type-page","status-publish","hentry",null],"acf":[],"jetpack_sharing_enabled":true,"_links":{"self":[{"href":"https:\/\/villas.refugiopiedraparada.com.co\/index.php\/wp-json\/wp\/v2\/pages\/1876"}],"collection":[{"href":"https:\/\/villas.refugiopiedraparada.com.co\/index.php\/wp-json\/wp\/v2\/pages"}],"about":[{"href":"https:\/\/villas.refugiopiedraparada.com.co\/index.php\/wp-json\/wp\/v2\/types\/page"}],"author":[{"embeddable":true,"href":"https:\/\/villas.refugiopiedraparada.com.co\/index.php\/wp-json\/wp\/v2\/users\/1"}],"replies":[{"embeddable":true,"href":"https:\/\/villas.refugiopiedraparada.com.co\/index.php\/wp-json\/wp\/v2\/comments?post=1876"}],"version-history":[{"count":66,"href":"https:\/\/villas.refugiopiedraparada.com.co\/index.php\/wp-json\/wp\/v2\/pages\/1876\/revisions"}],"predecessor-version":[{"id":3125,"href":"https:\/\/villas.refugiopiedraparada.com.co\/index.php\/wp-json\/wp\/v2\/pages\/1876\/revisions\/3125"}],"wp:attachment":[{"href":"https:\/\/villas.refugiopiedraparada.com.co\/index.php\/wp-json\/wp\/v2\/media?parent=1876"}],"curies":[{"name":"wp","href":"https:\/\/api.w.org\/{rel}","templated":true}]}}